{"id":704,"date":"2025-09-22T13:00:52","date_gmt":"2025-09-22T13:00:52","guid":{"rendered":"https:\/\/francoisminery.com\/?page_id=704"},"modified":"2026-03-16T16:05:50","modified_gmt":"2026-03-16T16:05:50","slug":"about","status":"publish","type":"page","link":"https:\/\/francoisminery.com\/fr\/about\/","title":{"rendered":"ABOUT \/ \u00c0 PROPOS"},"content":{"rendered":"<div data-elementor-type=\"wp-page\" data-elementor-id=\"704\" class=\"elementor elementor-704\">\n\t\t\t\t<div class=\"elementor-element elementor-element-c406e3a e-con-full e-flex wpr-particle-no wpr-jarallax-no wpr-parallax-no wpr-sticky-section-no e-con e-parent\" data-id=\"c406e3a\" data-element_type=\"container\" data-e-type=\"container\" data-settings=\"{&quot;background_background&quot;:&quot;classic&quot;}\">\n\t\t\t\t<div class=\"elementor-element elementor-element-985a5f2 elementor-widget elementor-widget-heading\" data-id=\"985a5f2\" data-element_type=\"widget\" data-e-type=\"widget\" data-widget_type=\"heading.default\">\n\t\t\t\t\t<h1 class=\"elementor-heading-title elementor-size-default\">L\u2019INVISIBLE FIL DES ORIGINES<\/h1>\t\t\t\t<\/div>\n\t\t\t\t<\/div>\n\t\t<div class=\"elementor-element elementor-element-70af806 e-con-full e-flex wpr-particle-no wpr-jarallax-no wpr-parallax-no wpr-sticky-section-no e-con e-parent\" data-id=\"70af806\" data-element_type=\"container\" data-e-type=\"container\" data-settings=\"{&quot;background_background&quot;:&quot;classic&quot;}\">\n\t\t\t\t<div class=\"elementor-element elementor-element-5d2e2e5 elementor-widget elementor-widget-text-editor\" data-id=\"5d2e2e5\" data-element_type=\"widget\" data-e-type=\"widget\" data-widget_type=\"text-editor.default\">\n\t\t\t\t\t\t\t\t\t<p><b>M\u00e9moire min\u00e9rale, m\u00e9moire vivante.<br \/><br \/><\/b>Mon travail d\u2019artiste s\u2019est orient\u00e9 au fil du temps, vers une convergence inattendue, mais r\u00e9solument intime : celle de l\u2019art visuel avec le monde de la min\u00e9ralogie.<br \/>Ce n\u2019est pas un choix intellectuel, mais plut\u00f4t le fruit d\u2019un lent retour, une arch\u00e9ologie intime, o\u00f9 le geste artistique vient r\u00e9veiller un souvenir enfoui.<\/p>\t\t\t\t\t\t\t\t<\/div>\n\t\t\t\t<\/div>\n\t\t<div class=\"elementor-element elementor-element-99abcab e-con-full e-flex wpr-particle-no wpr-jarallax-no wpr-parallax-no wpr-sticky-section-no e-con e-parent\" data-id=\"99abcab\" data-element_type=\"container\" data-e-type=\"container\" data-settings=\"{&quot;background_background&quot;:&quot;classic&quot;}\">\n\t\t\t\t<div class=\"elementor-element elementor-element-7ab45cf elementor-widget elementor-widget-text-editor\" data-id=\"7ab45cf\" data-element_type=\"widget\" data-e-type=\"widget\" data-widget_type=\"text-editor.default\">\n\t\t\t\t\t\t\t\t\t<p data-start=\"144\" data-end=\"623\"><b>Enfance et inspiration.<br \/><br \/><\/b>Depuis mon enfance, les min\u00e9raux exercent sur moi une r\u00e9elle fascination. Quartz, roses des sables, soufre cristallis\u00e9, pyrites, h\u00e9matites\u2026 chaque tr\u00e9sor brille comme les fragments d'un monde perdu, porteur d\u2019un myst\u00e8re que mon admiration sublime. Au fil des ann\u00e9es, cette collection se disperse, laissant derri\u00e8re elle une absence. La passion, en parall\u00e8le, se retire doucement, et le monde min\u00e9ral devient m\u00e9moire.<br \/><br \/>Pourtant, le lien avec la nature reste intact. Je puise mon inspiration dans le vivant, les lignes des v\u00e9g\u00e9taux, la beaut\u00e9 animale, le souffle de la mati\u00e8re organique. Ces formes et textures nourrissent ma cr\u00e9ation, jusqu\u2019\u00e0 ce que le monde min\u00e9ral frappe \u00e0 nouveau \u00e0 ma porte. Non plus comme un souvenir empreint de nostalgie, mais comme une \u00e9vidence : une source vivante de po\u00e9sie et de beaut\u00e9 qui guide \u00e0 nouveau mon travail artistique.<\/p>\t\t\t\t\t\t\t\t<\/div>\n\t\t\t\t<\/div>\n\t\t<div class=\"elementor-element elementor-element-03c9dab e-con-full e-flex wpr-particle-no wpr-jarallax-no wpr-parallax-no wpr-sticky-section-no e-con e-parent\" data-id=\"03c9dab\" data-element_type=\"container\" data-e-type=\"container\" data-settings=\"{&quot;background_background&quot;:&quot;classic&quot;}\">\n\t\t<div class=\"elementor-element elementor-element-0093e77 e-grid e-con-full wpr-particle-no wpr-jarallax-no wpr-parallax-no wpr-sticky-section-no e-con e-child\" data-id=\"0093e77\" data-element_type=\"container\" data-e-type=\"container\">\n\t\t\t\t<div class=\"elementor-element elementor-element-16da0e8 elementor-widget elementor-widget-image\" data-id=\"16da0e8\" data-element_type=\"widget\" data-e-type=\"widget\" data-widget_type=\"image.default\">\n\t\t\t\t\t\t\t\t\t\t\t\t\t\t\t<img fetchpriority=\"high\" decoding=\"async\" width=\"1024\" height=\"1024\" src=\"image\/gif;base64,R0lGODlhAQABAAAAACH5BAEKAAEALAAAAAABAAEAAAICTAEAOw==\" class=\"attachment-large size-large wp-image-805 thb-lazyload lazyload\" alt=\"\" sizes=\"(max-width: 1024px) 100vw, 1024px\" data-src=\"https:\/\/francoisminery.com\/wp-content\/uploads\/2025\/10\/obal--1024x1024.jpg\" data-sizes=\"auto\" data-srcset=\"https:\/\/francoisminery.com\/wp-content\/uploads\/2025\/10\/obal--1024x1024.jpg 1024w, https:\/\/francoisminery.com\/wp-content\/uploads\/2025\/10\/obal--300x300.jpg 300w, https:\/\/francoisminery.com\/wp-content\/uploads\/2025\/10\/obal--150x150.jpg 150w, https:\/\/francoisminery.com\/wp-content\/uploads\/2025\/10\/obal--768x768.jpg 768w, https:\/\/francoisminery.com\/wp-content\/uploads\/2025\/10\/obal--12x12.jpg 12w, https:\/\/francoisminery.com\/wp-content\/uploads\/2025\/10\/obal--640x640.jpg 640w, https:\/\/francoisminery.com\/wp-content\/uploads\/2025\/10\/obal--320x320.jpg 320w, https:\/\/francoisminery.com\/wp-content\/uploads\/2025\/10\/obal--20x20.jpg 20w, https:\/\/francoisminery.com\/wp-content\/uploads\/2025\/10\/obal--600x600.jpg 600w, https:\/\/francoisminery.com\/wp-content\/uploads\/2025\/10\/obal--100x100.jpg 100w\" \/>\t\t\t\t\t\t\t\t\t\t\t\t\t\t\t<\/div>\n\t\t\t\t<div class=\"elementor-element elementor-element-52e85dd elementor-widget elementor-widget-image\" data-id=\"52e85dd\" data-element_type=\"widget\" data-e-type=\"widget\" data-widget_type=\"image.default\">\n\t\t\t\t\t\t\t\t\t\t\t\t\t\t\t<img decoding=\"async\" width=\"1024\" height=\"1024\" src=\"image\/gif;base64,R0lGODlhAQABAAAAACH5BAEKAAEALAAAAAABAAEAAAICTAEAOw==\" class=\"attachment-large size-large wp-image-469 thb-lazyload lazyload\" alt=\"agate bg\" sizes=\"(max-width: 1024px) 100vw, 1024px\" data-src=\"https:\/\/francoisminery.com\/wp-content\/uploads\/2025\/08\/Agate-calcedoine-thumb-1024x1024.jpg\" data-sizes=\"auto\" data-srcset=\"https:\/\/francoisminery.com\/wp-content\/uploads\/2025\/08\/Agate-calcedoine-thumb-1024x1024.jpg 1024w, https:\/\/francoisminery.com\/wp-content\/uploads\/2025\/08\/Agate-calcedoine-thumb-300x300.jpg 300w, https:\/\/francoisminery.com\/wp-content\/uploads\/2025\/08\/Agate-calcedoine-thumb-150x150.jpg 150w, https:\/\/francoisminery.com\/wp-content\/uploads\/2025\/08\/Agate-calcedoine-thumb-768x768.jpg 768w, https:\/\/francoisminery.com\/wp-content\/uploads\/2025\/08\/Agate-calcedoine-thumb-640x640.jpg 640w, https:\/\/francoisminery.com\/wp-content\/uploads\/2025\/08\/Agate-calcedoine-thumb-320x320.jpg 320w, https:\/\/francoisminery.com\/wp-content\/uploads\/2025\/08\/Agate-calcedoine-thumb-20x20.jpg 20w, https:\/\/francoisminery.com\/wp-content\/uploads\/2025\/08\/Agate-calcedoine-thumb-600x600.jpg 600w, https:\/\/francoisminery.com\/wp-content\/uploads\/2025\/08\/Agate-calcedoine-thumb-100x100.jpg 100w\" \/>\t\t\t\t\t\t\t\t\t\t\t\t\t\t\t<\/div>\n\t\t\t\t<div class=\"elementor-element elementor-element-b198dbd elementor-widget elementor-widget-image\" data-id=\"b198dbd\" data-element_type=\"widget\" data-e-type=\"widget\" data-widget_type=\"image.default\">\n\t\t\t\t\t\t\t\t\t\t\t\t\t\t\t<img decoding=\"async\" width=\"1024\" height=\"1024\" src=\"image\/gif;base64,R0lGODlhAQABAAAAACH5BAEKAAEALAAAAAABAAEAAAICTAEAOw==\" class=\"attachment-large size-large wp-image-806 thb-lazyload lazyload\" alt=\"\" sizes=\"(max-width: 1024px) 100vw, 1024px\" data-src=\"https:\/\/francoisminery.com\/wp-content\/uploads\/2025\/10\/Syst-769194-1024x1024.jpg\" data-sizes=\"auto\" data-srcset=\"https:\/\/francoisminery.com\/wp-content\/uploads\/2025\/10\/Syst-769194-1024x1024.jpg 1024w, https:\/\/francoisminery.com\/wp-content\/uploads\/2025\/10\/Syst-769194-300x300.jpg 300w, https:\/\/francoisminery.com\/wp-content\/uploads\/2025\/10\/Syst-769194-150x150.jpg 150w, https:\/\/francoisminery.com\/wp-content\/uploads\/2025\/10\/Syst-769194-768x768.jpg 768w, https:\/\/francoisminery.com\/wp-content\/uploads\/2025\/10\/Syst-769194-12x12.jpg 12w, https:\/\/francoisminery.com\/wp-content\/uploads\/2025\/10\/Syst-769194-640x640.jpg 640w, https:\/\/francoisminery.com\/wp-content\/uploads\/2025\/10\/Syst-769194-320x320.jpg 320w, https:\/\/francoisminery.com\/wp-content\/uploads\/2025\/10\/Syst-769194-20x20.jpg 20w, https:\/\/francoisminery.com\/wp-content\/uploads\/2025\/10\/Syst-769194-600x600.jpg 600w, https:\/\/francoisminery.com\/wp-content\/uploads\/2025\/10\/Syst-769194-100x100.jpg 100w\" \/>\t\t\t\t\t\t\t\t\t\t\t\t\t\t\t<\/div>\n\t\t\t\t<div class=\"elementor-element elementor-element-e2d8aaf elementor-widget elementor-widget-image\" data-id=\"e2d8aaf\" data-element_type=\"widget\" data-e-type=\"widget\" data-widget_type=\"image.default\">\n\t\t\t\t\t\t\t\t\t\t\t\t\t\t\t<img loading=\"lazy\" decoding=\"async\" width=\"1024\" height=\"1024\" src=\"image\/gif;base64,R0lGODlhAQABAAAAACH5BAEKAAEALAAAAAABAAEAAAICTAEAOw==\" class=\"attachment-large size-large wp-image-807 thb-lazyload lazyload\" alt=\"\" sizes=\"(max-width: 1024px) 100vw, 1024px\" data-src=\"https:\/\/francoisminery.com\/wp-content\/uploads\/2025\/10\/abstract-1024x1024.jpg\" data-sizes=\"auto\" data-srcset=\"https:\/\/francoisminery.com\/wp-content\/uploads\/2025\/10\/abstract-1024x1024.jpg 1024w, https:\/\/francoisminery.com\/wp-content\/uploads\/2025\/10\/abstract-300x300.jpg 300w, https:\/\/francoisminery.com\/wp-content\/uploads\/2025\/10\/abstract-150x150.jpg 150w, https:\/\/francoisminery.com\/wp-content\/uploads\/2025\/10\/abstract-768x768.jpg 768w, https:\/\/francoisminery.com\/wp-content\/uploads\/2025\/10\/abstract-12x12.jpg 12w, https:\/\/francoisminery.com\/wp-content\/uploads\/2025\/10\/abstract-640x640.jpg 640w, https:\/\/francoisminery.com\/wp-content\/uploads\/2025\/10\/abstract-320x320.jpg 320w, https:\/\/francoisminery.com\/wp-content\/uploads\/2025\/10\/abstract-20x20.jpg 20w, https:\/\/francoisminery.com\/wp-content\/uploads\/2025\/10\/abstract-600x600.jpg 600w, https:\/\/francoisminery.com\/wp-content\/uploads\/2025\/10\/abstract-100x100.jpg 100w\" \/>\t\t\t\t\t\t\t\t\t\t\t\t\t\t\t<\/div>\n\t\t\t\t<div class=\"elementor-element elementor-element-7a59ffd elementor-widget elementor-widget-image\" data-id=\"7a59ffd\" data-element_type=\"widget\" data-e-type=\"widget\" data-widget_type=\"image.default\">\n\t\t\t\t\t\t\t\t\t\t\t\t\t\t\t<img loading=\"lazy\" decoding=\"async\" width=\"1024\" height=\"1024\" src=\"image\/gif;base64,R0lGODlhAQABAAAAACH5BAEKAAEALAAAAAABAAEAAAICTAEAOw==\" class=\"attachment-large size-large wp-image-808 thb-lazyload lazyload\" alt=\"\" sizes=\"(max-width: 1024px) 100vw, 1024px\" data-src=\"https:\/\/francoisminery.com\/wp-content\/uploads\/2025\/10\/material-1024x1024.jpg\" data-sizes=\"auto\" data-srcset=\"https:\/\/francoisminery.com\/wp-content\/uploads\/2025\/10\/material-1024x1024.jpg 1024w, https:\/\/francoisminery.com\/wp-content\/uploads\/2025\/10\/material-300x300.jpg 300w, https:\/\/francoisminery.com\/wp-content\/uploads\/2025\/10\/material-150x150.jpg 150w, https:\/\/francoisminery.com\/wp-content\/uploads\/2025\/10\/material-768x768.jpg 768w, https:\/\/francoisminery.com\/wp-content\/uploads\/2025\/10\/material-12x12.jpg 12w, https:\/\/francoisminery.com\/wp-content\/uploads\/2025\/10\/material-640x640.jpg 640w, https:\/\/francoisminery.com\/wp-content\/uploads\/2025\/10\/material-320x320.jpg 320w, https:\/\/francoisminery.com\/wp-content\/uploads\/2025\/10\/material-20x20.jpg 20w, https:\/\/francoisminery.com\/wp-content\/uploads\/2025\/10\/material-600x600.jpg 600w, https:\/\/francoisminery.com\/wp-content\/uploads\/2025\/10\/material-100x100.jpg 100w\" \/>\t\t\t\t\t\t\t\t\t\t\t\t\t\t\t<\/div>\n\t\t\t\t<\/div>\n\t\t\t\t<\/div>\n\t\t<div class=\"elementor-element elementor-element-adb6c6f e-con-full e-flex wpr-particle-no wpr-jarallax-no wpr-parallax-no wpr-sticky-section-no e-con e-parent\" data-id=\"adb6c6f\" data-element_type=\"container\" data-e-type=\"container\" data-settings=\"{&quot;background_background&quot;:&quot;classic&quot;}\">\n\t\t\t\t<div class=\"elementor-element elementor-element-109a91a elementor-widget elementor-widget-text-editor\" data-id=\"109a91a\" data-element_type=\"widget\" data-e-type=\"widget\" data-widget_type=\"text-editor.default\">\n\t\t\t\t\t\t\t\t\t<p data-start=\"306\" data-end=\"1079\"><b>Origines et filiation.<\/b><\/p><p>Mon lien avec le min\u00e9ral ne se r\u00e9duit pas \u00e0 l\u2019esth\u00e9tique ou \u00e0 la science : il est profond\u00e9ment existentiel.<\/p><p>Cela fait partie de mon histoire familiale dans laquelle la nature joue un r\u00f4le central.\u00a0<\/p><p>Every place I live and explore feeds this sensitivity. Paris, Strasbourg, Nancy, Colmar, Berlin, Munich. Botanical gardens, forests and mountain ridges in the Vosges or the Jura, alpine lakes, museums and mining galleries, Art Nouveau, Land Art\u2014everything resonates with my family memories and the history of life. Nature becomes a refuge and an outlet, an extension of vital energy.<\/p>\t\t\t\t\t\t\t\t<\/div>\n\t\t\t\t<\/div>\n\t\t<div class=\"elementor-element elementor-element-a36ca22 e-con-full e-flex wpr-particle-no wpr-jarallax-no wpr-parallax-no wpr-sticky-section-no e-con e-parent\" data-id=\"a36ca22\" data-element_type=\"container\" data-e-type=\"container\" data-settings=\"{&quot;background_background&quot;:&quot;classic&quot;}\">\n\t\t<div class=\"elementor-element elementor-element-51c887d e-grid e-con-full wpr-particle-no wpr-jarallax-no wpr-parallax-no wpr-sticky-section-no e-con e-child\" data-id=\"51c887d\" data-element_type=\"container\" data-e-type=\"container\">\n\t\t\t\t<div class=\"elementor-element elementor-element-c0b58d5 elementor-widget elementor-widget-image\" data-id=\"c0b58d5\" data-element_type=\"widget\" data-e-type=\"widget\" data-widget_type=\"image.default\">\n\t\t\t\t\t\t\t\t\t\t\t\t\t\t\t<img loading=\"lazy\" decoding=\"async\" width=\"1024\" height=\"1024\" src=\"image\/gif;base64,R0lGODlhAQABAAAAACH5BAEKAAEALAAAAAABAAEAAAICTAEAOw==\" class=\"attachment-large size-large wp-image-809 thb-lazyload lazyload\" alt=\"\" sizes=\"(max-width: 1024px) 100vw, 1024px\" data-src=\"https:\/\/francoisminery.com\/wp-content\/uploads\/2025\/10\/mineral--1024x1024.jpg\" data-sizes=\"auto\" data-srcset=\"https:\/\/francoisminery.com\/wp-content\/uploads\/2025\/10\/mineral--1024x1024.jpg 1024w, https:\/\/francoisminery.com\/wp-content\/uploads\/2025\/10\/mineral--300x300.jpg 300w, https:\/\/francoisminery.com\/wp-content\/uploads\/2025\/10\/mineral--150x150.jpg 150w, https:\/\/francoisminery.com\/wp-content\/uploads\/2025\/10\/mineral--768x768.jpg 768w, https:\/\/francoisminery.com\/wp-content\/uploads\/2025\/10\/mineral--12x12.jpg 12w, https:\/\/francoisminery.com\/wp-content\/uploads\/2025\/10\/mineral--640x640.jpg 640w, https:\/\/francoisminery.com\/wp-content\/uploads\/2025\/10\/mineral--320x320.jpg 320w, https:\/\/francoisminery.com\/wp-content\/uploads\/2025\/10\/mineral--20x20.jpg 20w, https:\/\/francoisminery.com\/wp-content\/uploads\/2025\/10\/mineral--600x600.jpg 600w, https:\/\/francoisminery.com\/wp-content\/uploads\/2025\/10\/mineral--100x100.jpg 100w\" \/>\t\t\t\t\t\t\t\t\t\t\t\t\t\t\t<\/div>\n\t\t\t\t<div class=\"elementor-element elementor-element-5ac25a1 elementor-widget elementor-widget-image\" data-id=\"5ac25a1\" data-element_type=\"widget\" data-e-type=\"widget\" data-widget_type=\"image.default\">\n\t\t\t\t\t\t\t\t\t\t\t\t\t\t\t<img loading=\"lazy\" decoding=\"async\" width=\"1024\" height=\"1024\" src=\"image\/gif;base64,R0lGODlhAQABAAAAACH5BAEKAAEALAAAAAABAAEAAAICTAEAOw==\" class=\"attachment-large size-large wp-image-417 thb-lazyload lazyload\" alt=\"malachite\" sizes=\"(max-width: 1024px) 100vw, 1024px\" data-src=\"https:\/\/francoisminery.com\/wp-content\/uploads\/2025\/08\/DSC01083-1024x1024.jpg\" data-sizes=\"auto\" data-srcset=\"https:\/\/francoisminery.com\/wp-content\/uploads\/2025\/08\/DSC01083-1024x1024.jpg 1024w, https:\/\/francoisminery.com\/wp-content\/uploads\/2025\/08\/DSC01083-300x300.jpg 300w, https:\/\/francoisminery.com\/wp-content\/uploads\/2025\/08\/DSC01083-150x150.jpg 150w, https:\/\/francoisminery.com\/wp-content\/uploads\/2025\/08\/DSC01083-768x768.jpg 768w, https:\/\/francoisminery.com\/wp-content\/uploads\/2025\/08\/DSC01083-640x640.jpg 640w, https:\/\/francoisminery.com\/wp-content\/uploads\/2025\/08\/DSC01083-320x320.jpg 320w, https:\/\/francoisminery.com\/wp-content\/uploads\/2025\/08\/DSC01083-20x20.jpg 20w, https:\/\/francoisminery.com\/wp-content\/uploads\/2025\/08\/DSC01083-600x600.jpg 600w, https:\/\/francoisminery.com\/wp-content\/uploads\/2025\/08\/DSC01083-100x100.jpg 100w\" \/>\t\t\t\t\t\t\t\t\t\t\t\t\t\t\t<\/div>\n\t\t\t\t<div class=\"elementor-element elementor-element-2631457 elementor-widget elementor-widget-image\" data-id=\"2631457\" data-element_type=\"widget\" data-e-type=\"widget\" data-widget_type=\"image.default\">\n\t\t\t\t\t\t\t\t\t\t\t\t\t\t\t<img loading=\"lazy\" decoding=\"async\" width=\"1024\" height=\"1024\" src=\"image\/gif;base64,R0lGODlhAQABAAAAACH5BAEKAAEALAAAAAABAAEAAAICTAEAOw==\" class=\"attachment-large size-large wp-image-810 thb-lazyload lazyload\" alt=\"\" sizes=\"(max-width: 1024px) 100vw, 1024px\" data-src=\"https:\/\/francoisminery.com\/wp-content\/uploads\/2025\/10\/opal-fire--1024x1024.jpg\" data-sizes=\"auto\" data-srcset=\"https:\/\/francoisminery.com\/wp-content\/uploads\/2025\/10\/opal-fire--1024x1024.jpg 1024w, https:\/\/francoisminery.com\/wp-content\/uploads\/2025\/10\/opal-fire--300x300.jpg 300w, https:\/\/francoisminery.com\/wp-content\/uploads\/2025\/10\/opal-fire--150x150.jpg 150w, https:\/\/francoisminery.com\/wp-content\/uploads\/2025\/10\/opal-fire--768x768.jpg 768w, https:\/\/francoisminery.com\/wp-content\/uploads\/2025\/10\/opal-fire--12x12.jpg 12w, https:\/\/francoisminery.com\/wp-content\/uploads\/2025\/10\/opal-fire--640x640.jpg 640w, https:\/\/francoisminery.com\/wp-content\/uploads\/2025\/10\/opal-fire--320x320.jpg 320w, https:\/\/francoisminery.com\/wp-content\/uploads\/2025\/10\/opal-fire--20x20.jpg 20w, https:\/\/francoisminery.com\/wp-content\/uploads\/2025\/10\/opal-fire--600x600.jpg 600w, https:\/\/francoisminery.com\/wp-content\/uploads\/2025\/10\/opal-fire--100x100.jpg 100w\" \/>\t\t\t\t\t\t\t\t\t\t\t\t\t\t\t<\/div>\n\t\t\t\t<div class=\"elementor-element elementor-element-b5a98b3 elementor-widget elementor-widget-image\" data-id=\"b5a98b3\" data-element_type=\"widget\" data-e-type=\"widget\" data-widget_type=\"image.default\">\n\t\t\t\t\t\t\t\t\t\t\t\t\t\t\t<img loading=\"lazy\" decoding=\"async\" width=\"1024\" height=\"1024\" src=\"image\/gif;base64,R0lGODlhAQABAAAAACH5BAEKAAEALAAAAAABAAEAAAICTAEAOw==\" class=\"attachment-large size-large wp-image-811 thb-lazyload lazyload\" alt=\"\" sizes=\"(max-width: 1024px) 100vw, 1024px\" data-src=\"https:\/\/francoisminery.com\/wp-content\/uploads\/2025\/10\/DSC01119-1024x1024.jpg\" data-sizes=\"auto\" data-srcset=\"https:\/\/francoisminery.com\/wp-content\/uploads\/2025\/10\/DSC01119-1024x1024.jpg 1024w, https:\/\/francoisminery.com\/wp-content\/uploads\/2025\/10\/DSC01119-300x300.jpg 300w, https:\/\/francoisminery.com\/wp-content\/uploads\/2025\/10\/DSC01119-150x150.jpg 150w, https:\/\/francoisminery.com\/wp-content\/uploads\/2025\/10\/DSC01119-768x768.jpg 768w, https:\/\/francoisminery.com\/wp-content\/uploads\/2025\/10\/DSC01119-12x12.jpg 12w, https:\/\/francoisminery.com\/wp-content\/uploads\/2025\/10\/DSC01119-640x640.jpg 640w, https:\/\/francoisminery.com\/wp-content\/uploads\/2025\/10\/DSC01119-320x320.jpg 320w, https:\/\/francoisminery.com\/wp-content\/uploads\/2025\/10\/DSC01119-20x20.jpg 20w, https:\/\/francoisminery.com\/wp-content\/uploads\/2025\/10\/DSC01119-600x600.jpg 600w, https:\/\/francoisminery.com\/wp-content\/uploads\/2025\/10\/DSC01119-100x100.jpg 100w\" \/>\t\t\t\t\t\t\t\t\t\t\t\t\t\t\t<\/div>\n\t\t\t\t<div class=\"elementor-element elementor-element-5194fa4 elementor-widget elementor-widget-image\" data-id=\"5194fa4\" data-element_type=\"widget\" data-e-type=\"widget\" data-widget_type=\"image.default\">\n\t\t\t\t\t\t\t\t\t\t\t\t\t\t\t<img loading=\"lazy\" decoding=\"async\" width=\"1024\" height=\"1024\" src=\"image\/gif;base64,R0lGODlhAQABAAAAACH5BAEKAAEALAAAAAABAAEAAAICTAEAOw==\" class=\"attachment-large size-large wp-image-812 thb-lazyload lazyload\" alt=\"\" sizes=\"(max-width: 1024px) 100vw, 1024px\" data-src=\"https:\/\/francoisminery.com\/wp-content\/uploads\/2025\/10\/minearl-1024x1024.jpg\" data-sizes=\"auto\" data-srcset=\"https:\/\/francoisminery.com\/wp-content\/uploads\/2025\/10\/minearl-1024x1024.jpg 1024w, https:\/\/francoisminery.com\/wp-content\/uploads\/2025\/10\/minearl-300x300.jpg 300w, https:\/\/francoisminery.com\/wp-content\/uploads\/2025\/10\/minearl-150x150.jpg 150w, https:\/\/francoisminery.com\/wp-content\/uploads\/2025\/10\/minearl-768x768.jpg 768w, https:\/\/francoisminery.com\/wp-content\/uploads\/2025\/10\/minearl-12x12.jpg 12w, https:\/\/francoisminery.com\/wp-content\/uploads\/2025\/10\/minearl-640x640.jpg 640w, https:\/\/francoisminery.com\/wp-content\/uploads\/2025\/10\/minearl-320x320.jpg 320w, https:\/\/francoisminery.com\/wp-content\/uploads\/2025\/10\/minearl-20x20.jpg 20w, https:\/\/francoisminery.com\/wp-content\/uploads\/2025\/10\/minearl-600x600.jpg 600w, https:\/\/francoisminery.com\/wp-content\/uploads\/2025\/10\/minearl-100x100.jpg 100w\" \/>\t\t\t\t\t\t\t\t\t\t\t\t\t\t\t<\/div>\n\t\t\t\t<\/div>\n\t\t\t\t<\/div>\n\t\t<div class=\"elementor-element elementor-element-f2b007e e-con-full e-flex wpr-particle-no wpr-jarallax-no wpr-parallax-no wpr-sticky-section-no e-con e-parent\" data-id=\"f2b007e\" data-element_type=\"container\" data-e-type=\"container\" data-settings=\"{&quot;background_background&quot;:&quot;classic&quot;}\">\n\t\t\t\t<div class=\"elementor-element elementor-element-a0b6a9b elementor-widget elementor-widget-text-editor\" data-id=\"a0b6a9b\" data-element_type=\"widget\" data-e-type=\"widget\" data-widget_type=\"text-editor.default\">\n\t\t\t\t\t\t\t\t\t<p data-start=\"1524\" data-end=\"1984\"><b>Le geste.<br \/><br \/><\/b>Aujourd\u2019hui, mon travail explore la tension fertile entre min\u00e9ral et v\u00e9g\u00e9tal. Sur le terrain, je collecte des sp\u00e9cimens dans les Vosges ou la For\u00eat-Noire, j\u2019observe leur g\u00e9ologie et leur contexte. L\u2019acte de pr\u00e9l\u00e8vement est respectueux : comprendre avant de transformer. Chaque cristal r\u00e9v\u00e8le sa lente m\u00e9tamorphose, fa\u00e7onn\u00e9e par les intemp\u00e9ries, les pressions et les interactions chimiques. En le nettoyant et le r\u00e9v\u00e9lant, je pratique un rituel pr\u00e9cis.<br \/><br \/>Cette observation nourrit mon travail : peintures acryliques et autres m\u00e9diums, o\u00f9 je cherche non la reproduction, mais la r\u00e9sonance. La structure min\u00e9rale dialogue avec le v\u00e9g\u00e9tal, r\u00e9v\u00e9lant un langage commun, une continuit\u00e9 entre les r\u00e8gnes. Le min\u00e9ral nourrit le v\u00e9g\u00e9tal, qui nourrit l\u2019animal, et ainsi de suite. De la roche \u00e0 l\u2019\u00e2me, je tente d\u2019habiter le monde avec conscience, sensibilit\u00e9 et gratitude, en faisant \u00e9merger la beaut\u00e9 et le souffle du vivant dans chaque geste artistique.<\/p>\t\t\t\t\t\t\t\t<\/div>\n\t\t\t\t<\/div>\n\t\t\t\t<\/div>","protected":false},"excerpt":{"rendered":"<p>THE INVISIBLE THREAD OF ORIGINS Mineral memory, living memory. Over time, my work as an artist has moved towards an unexpected but deeply personal convergence: that of visual art and the world of mineralogy.This is not an intellectual choice, but rather the result of a slow return, an intimate archaeology, where the artistic gesture awakens&hellip;<\/p>","protected":false},"author":1,"featured_media":0,"parent":0,"menu_order":0,"comment_status":"closed","ping_status":"closed","template":"elementor_header_footer","meta":{"inline_featured_image":false,"footnotes":""},"class_list":["post-704","page","type-page","status-publish","hentry"],"_links":{"self":[{"href":"https:\/\/francoisminery.com\/fr\/wp-json\/wp\/v2\/pages\/704","targetHints":{"allow":["GET"]}}],"collection":[{"href":"https:\/\/francoisminery.com\/fr\/wp-json\/wp\/v2\/pages"}],"about":[{"href":"https:\/\/francoisminery.com\/fr\/wp-json\/wp\/v2\/types\/page"}],"author":[{"embeddable":true,"href":"https:\/\/francoisminery.com\/fr\/wp-json\/wp\/v2\/users\/1"}],"replies":[{"embeddable":true,"href":"https:\/\/francoisminery.com\/fr\/wp-json\/wp\/v2\/comments?post=704"}],"version-history":[{"count":105,"href":"https:\/\/francoisminery.com\/fr\/wp-json\/wp\/v2\/pages\/704\/revisions"}],"predecessor-version":[{"id":1019,"href":"https:\/\/francoisminery.com\/fr\/wp-json\/wp\/v2\/pages\/704\/revisions\/1019"}],"wp:attachment":[{"href":"https:\/\/francoisminery.com\/fr\/wp-json\/wp\/v2\/media?parent=704"}],"curies":[{"name":"wp","href":"https:\/\/api.w.org\/{rel}","templated":true}]}}