{"id":2,"date":"2025-08-20T12:45:00","date_gmt":"2025-08-20T12:45:00","guid":{"rendered":"https:\/\/francoisminery.com\/?page_id=2"},"modified":"2026-01-15T18:01:06","modified_gmt":"2026-01-15T18:01:06","slug":"home","status":"publish","type":"page","link":"https:\/\/francoisminery.com\/fr\/","title":{"rendered":"HOME"},"content":{"rendered":"<div data-elementor-type=\"wp-page\" data-elementor-id=\"2\" class=\"elementor elementor-2\">\n\t\t\t\t<div class=\"elementor-element elementor-element-84f05ad e-con-full e-grid wpr-particle-no wpr-jarallax-no wpr-parallax-no wpr-sticky-section-no e-con e-parent\" data-id=\"84f05ad\" data-element_type=\"container\" data-e-type=\"container\">\n\t\t\t\t<div class=\"elementor-element elementor-element-bb9a6b4 elementor-widget__width-inherit elementor-widget elementor-widget-image\" data-id=\"bb9a6b4\" data-element_type=\"widget\" data-e-type=\"widget\" data-widget_type=\"image.default\">\n\t\t\t\t\t\t\t\t\t\t\t\t\t\t\t<img fetchpriority=\"high\" decoding=\"async\" width=\"1024\" height=\"1024\" src=\"image\/gif;base64,R0lGODlhAQABAAAAACH5BAEKAAEALAAAAAABAAEAAAICTAEAOw==\" class=\"attachment-large size-large wp-image-980 thb-lazyload lazyload\" alt=\"\" sizes=\"(max-width: 1024px) 100vw, 1024px\" data-src=\"https:\/\/francoisminery.com\/wp-content\/uploads\/2026\/01\/composition-BQ-1024x1024.jpg\" data-sizes=\"auto\" data-srcset=\"https:\/\/francoisminery.com\/wp-content\/uploads\/2026\/01\/composition-BQ-1024x1024.jpg 1024w, https:\/\/francoisminery.com\/wp-content\/uploads\/2026\/01\/composition-BQ-300x300.jpg 300w, https:\/\/francoisminery.com\/wp-content\/uploads\/2026\/01\/composition-BQ-150x150.jpg 150w, https:\/\/francoisminery.com\/wp-content\/uploads\/2026\/01\/composition-BQ-768x768.jpg 768w, https:\/\/francoisminery.com\/wp-content\/uploads\/2026\/01\/composition-BQ-12x12.jpg 12w, https:\/\/francoisminery.com\/wp-content\/uploads\/2026\/01\/composition-BQ-640x640.jpg 640w, https:\/\/francoisminery.com\/wp-content\/uploads\/2026\/01\/composition-BQ-320x320.jpg 320w, https:\/\/francoisminery.com\/wp-content\/uploads\/2026\/01\/composition-BQ-20x20.jpg 20w, https:\/\/francoisminery.com\/wp-content\/uploads\/2026\/01\/composition-BQ-600x600.jpg 600w, https:\/\/francoisminery.com\/wp-content\/uploads\/2026\/01\/composition-BQ-100x100.jpg 100w\" \/>\t\t\t\t\t\t\t\t\t\t\t\t\t\t\t<\/div>\n\t\t\t\t<div class=\"elementor-element elementor-element-71a8d00 elementor-widget__width-inherit elementor-widget elementor-widget-image\" data-id=\"71a8d00\" data-element_type=\"widget\" data-e-type=\"widget\" data-widget_type=\"image.default\">\n\t\t\t\t\t\t\t\t\t\t\t\t\t\t\t<img decoding=\"async\" width=\"1024\" height=\"1024\" src=\"image\/gif;base64,R0lGODlhAQABAAAAACH5BAEKAAEALAAAAAABAAEAAAICTAEAOw==\" class=\"attachment-large size-large wp-image-982 thb-lazyload lazyload\" alt=\"\" sizes=\"(max-width: 1024px) 100vw, 1024px\" data-src=\"https:\/\/francoisminery.com\/wp-content\/uploads\/2026\/01\/rough-BQ-1024x1024.jpg\" data-sizes=\"auto\" data-srcset=\"https:\/\/francoisminery.com\/wp-content\/uploads\/2026\/01\/rough-BQ-1024x1024.jpg 1024w, https:\/\/francoisminery.com\/wp-content\/uploads\/2026\/01\/rough-BQ-300x300.jpg 300w, https:\/\/francoisminery.com\/wp-content\/uploads\/2026\/01\/rough-BQ-150x150.jpg 150w, https:\/\/francoisminery.com\/wp-content\/uploads\/2026\/01\/rough-BQ-768x768.jpg 768w, https:\/\/francoisminery.com\/wp-content\/uploads\/2026\/01\/rough-BQ-12x12.jpg 12w, https:\/\/francoisminery.com\/wp-content\/uploads\/2026\/01\/rough-BQ-640x640.jpg 640w, https:\/\/francoisminery.com\/wp-content\/uploads\/2026\/01\/rough-BQ-320x320.jpg 320w, https:\/\/francoisminery.com\/wp-content\/uploads\/2026\/01\/rough-BQ-20x20.jpg 20w, https:\/\/francoisminery.com\/wp-content\/uploads\/2026\/01\/rough-BQ-600x600.jpg 600w, https:\/\/francoisminery.com\/wp-content\/uploads\/2026\/01\/rough-BQ-100x100.jpg 100w\" \/>\t\t\t\t\t\t\t\t\t\t\t\t\t\t\t<\/div>\n\t\t\t\t<div class=\"elementor-element elementor-element-f61716b elementor-widget__width-inherit elementor-widget elementor-widget-image\" data-id=\"f61716b\" data-element_type=\"widget\" data-e-type=\"widget\" data-widget_type=\"image.default\">\n\t\t\t\t\t\t\t\t\t\t\t\t\t\t\t<img decoding=\"async\" width=\"1024\" height=\"1024\" src=\"image\/gif;base64,R0lGODlhAQABAAAAACH5BAEKAAEALAAAAAABAAEAAAICTAEAOw==\" class=\"attachment-large size-large wp-image-984 thb-lazyload lazyload\" alt=\"\" sizes=\"(max-width: 1024px) 100vw, 1024px\" data-src=\"https:\/\/francoisminery.com\/wp-content\/uploads\/2026\/01\/rough-BQ-2-1-1024x1024.jpg\" data-sizes=\"auto\" data-srcset=\"https:\/\/francoisminery.com\/wp-content\/uploads\/2026\/01\/rough-BQ-2-1-1024x1024.jpg 1024w, https:\/\/francoisminery.com\/wp-content\/uploads\/2026\/01\/rough-BQ-2-1-300x300.jpg 300w, https:\/\/francoisminery.com\/wp-content\/uploads\/2026\/01\/rough-BQ-2-1-150x150.jpg 150w, https:\/\/francoisminery.com\/wp-content\/uploads\/2026\/01\/rough-BQ-2-1-768x768.jpg 768w, https:\/\/francoisminery.com\/wp-content\/uploads\/2026\/01\/rough-BQ-2-1-12x12.jpg 12w, https:\/\/francoisminery.com\/wp-content\/uploads\/2026\/01\/rough-BQ-2-1-640x640.jpg 640w, https:\/\/francoisminery.com\/wp-content\/uploads\/2026\/01\/rough-BQ-2-1-320x320.jpg 320w, https:\/\/francoisminery.com\/wp-content\/uploads\/2026\/01\/rough-BQ-2-1-20x20.jpg 20w, https:\/\/francoisminery.com\/wp-content\/uploads\/2026\/01\/rough-BQ-2-1-600x600.jpg 600w, https:\/\/francoisminery.com\/wp-content\/uploads\/2026\/01\/rough-BQ-2-1-100x100.jpg 100w\" \/>\t\t\t\t\t\t\t\t\t\t\t\t\t\t\t<\/div>\n\t\t\t\t<div class=\"elementor-element elementor-element-9f1eced elementor-widget__width-inherit elementor-widget elementor-widget-image\" data-id=\"9f1eced\" data-element_type=\"widget\" data-e-type=\"widget\" data-widget_type=\"image.default\">\n\t\t\t\t\t\t\t\t\t\t\t\t\t\t\t<img loading=\"lazy\" decoding=\"async\" width=\"1024\" height=\"1024\" src=\"image\/gif;base64,R0lGODlhAQABAAAAACH5BAEKAAEALAAAAAABAAEAAAICTAEAOw==\" class=\"attachment-large size-large wp-image-986 thb-lazyload lazyload\" alt=\"\" sizes=\"(max-width: 1024px) 100vw, 1024px\" data-src=\"https:\/\/francoisminery.com\/wp-content\/uploads\/2026\/01\/barytine-1-1024x1024.jpg\" data-sizes=\"auto\" data-srcset=\"https:\/\/francoisminery.com\/wp-content\/uploads\/2026\/01\/barytine-1-1024x1024.jpg 1024w, https:\/\/francoisminery.com\/wp-content\/uploads\/2026\/01\/barytine-1-300x300.jpg 300w, https:\/\/francoisminery.com\/wp-content\/uploads\/2026\/01\/barytine-1-150x150.jpg 150w, https:\/\/francoisminery.com\/wp-content\/uploads\/2026\/01\/barytine-1-768x768.jpg 768w, https:\/\/francoisminery.com\/wp-content\/uploads\/2026\/01\/barytine-1-12x12.jpg 12w, https:\/\/francoisminery.com\/wp-content\/uploads\/2026\/01\/barytine-1-640x640.jpg 640w, https:\/\/francoisminery.com\/wp-content\/uploads\/2026\/01\/barytine-1-320x320.jpg 320w, https:\/\/francoisminery.com\/wp-content\/uploads\/2026\/01\/barytine-1-20x20.jpg 20w, https:\/\/francoisminery.com\/wp-content\/uploads\/2026\/01\/barytine-1-600x600.jpg 600w, https:\/\/francoisminery.com\/wp-content\/uploads\/2026\/01\/barytine-1-100x100.jpg 100w\" \/>\t\t\t\t\t\t\t\t\t\t\t\t\t\t\t<\/div>\n\t\t\t\t<\/div>\n\t\t<div class=\"elementor-element elementor-element-725fb0b e-con-full e-flex wpr-particle-no wpr-jarallax-no wpr-parallax-no wpr-sticky-section-no e-con e-parent\" data-id=\"725fb0b\" data-element_type=\"container\" data-e-type=\"container\" data-settings=\"{&quot;background_background&quot;:&quot;classic&quot;}\">\n\t\t\t\t<div class=\"elementor-element elementor-element-5f0cd89 elementor-widget__width-inherit elementor-widget elementor-widget-text-editor\" data-id=\"5f0cd89\" data-element_type=\"widget\" data-e-type=\"widget\" data-widget_type=\"text-editor.default\">\n\t\t\t\t\t\t\t\t\t<p>\u00c0 la crois\u00e9e de l\u2019art visuel et de la min\u00e9ralogie, mon travail d\u2019artiste s\u2019inscrit dans un cheminement intime, une arch\u00e9ologie personnelle m\u00ealant m\u00e9moire d\u2019enfance, transmission familiale et qu\u00eate de sens.<\/p>\t\t\t\t\t\t\t\t<\/div>\n\t\t\t\t<\/div>\n\t\t<div class=\"elementor-element elementor-element-c0c3d44 e-con-full e-flex wpr-particle-no wpr-jarallax-no wpr-parallax-no wpr-sticky-section-no e-con e-parent\" data-id=\"c0c3d44\" data-element_type=\"container\" data-e-type=\"container\">\n\t\t\t\t<div class=\"elementor-element elementor-element-43600ee elementor-widget__width-inherit elementor-widget elementor-widget-image\" data-id=\"43600ee\" data-element_type=\"widget\" data-e-type=\"widget\" data-widget_type=\"image.default\">\n\t\t\t\t\t\t\t\t\t\t\t\t\t\t\t<img loading=\"lazy\" decoding=\"async\" width=\"1024\" height=\"1024\" src=\"image\/gif;base64,R0lGODlhAQABAAAAACH5BAEKAAEALAAAAAABAAEAAAICTAEAOw==\" class=\"attachment-large size-large wp-image-932 thb-lazyload lazyload\" alt=\"\" sizes=\"(max-width: 1024px) 100vw, 1024px\" data-src=\"https:\/\/francoisminery.com\/wp-content\/uploads\/2025\/11\/IMG_9338-1024x1024.jpg\" data-sizes=\"auto\" data-srcset=\"https:\/\/francoisminery.com\/wp-content\/uploads\/2025\/11\/IMG_9338-1024x1024.jpg 1024w, https:\/\/francoisminery.com\/wp-content\/uploads\/2025\/11\/IMG_9338-300x300.jpg 300w, https:\/\/francoisminery.com\/wp-content\/uploads\/2025\/11\/IMG_9338-150x150.jpg 150w, https:\/\/francoisminery.com\/wp-content\/uploads\/2025\/11\/IMG_9338-768x768.jpg 768w, https:\/\/francoisminery.com\/wp-content\/uploads\/2025\/11\/IMG_9338-12x12.jpg 12w, https:\/\/francoisminery.com\/wp-content\/uploads\/2025\/11\/IMG_9338-640x640.jpg 640w, https:\/\/francoisminery.com\/wp-content\/uploads\/2025\/11\/IMG_9338-320x320.jpg 320w, https:\/\/francoisminery.com\/wp-content\/uploads\/2025\/11\/IMG_9338-20x20.jpg 20w, https:\/\/francoisminery.com\/wp-content\/uploads\/2025\/11\/IMG_9338-600x600.jpg 600w, https:\/\/francoisminery.com\/wp-content\/uploads\/2025\/11\/IMG_9338-100x100.jpg 100w\" \/>\t\t\t\t\t\t\t\t\t\t\t\t\t\t\t<\/div>\n\t\t\t\t<\/div>\n\t\t\t\t<\/div>","protected":false},"excerpt":{"rendered":"<p>\u00c0 la crois\u00e9e de l\u2019art visuel et de la min\u00e9ralogie, mon travail d\u2019artiste s\u2019inscrit dans un cheminement intime, une arch\u00e9ologie personnelle m\u00ealant m\u00e9moire d\u2019enfance, transmission familiale et qu\u00eate de sens.<\/p>","protected":false},"author":1,"featured_media":0,"parent":0,"menu_order":0,"comment_status":"closed","ping_status":"open","template":"elementor_header_footer","meta":{"inline_featured_image":false,"footnotes":""},"class_list":["post-2","page","type-page","status-publish","hentry"],"_links":{"self":[{"href":"https:\/\/francoisminery.com\/fr\/wp-json\/wp\/v2\/pages\/2","targetHints":{"allow":["GET"]}}],"collection":[{"href":"https:\/\/francoisminery.com\/fr\/wp-json\/wp\/v2\/pages"}],"about":[{"href":"https:\/\/francoisminery.com\/fr\/wp-json\/wp\/v2\/types\/page"}],"author":[{"embeddable":true,"href":"https:\/\/francoisminery.com\/fr\/wp-json\/wp\/v2\/users\/1"}],"replies":[{"embeddable":true,"href":"https:\/\/francoisminery.com\/fr\/wp-json\/wp\/v2\/comments?post=2"}],"version-history":[{"count":112,"href":"https:\/\/francoisminery.com\/fr\/wp-json\/wp\/v2\/pages\/2\/revisions"}],"predecessor-version":[{"id":993,"href":"https:\/\/francoisminery.com\/fr\/wp-json\/wp\/v2\/pages\/2\/revisions\/993"}],"wp:attachment":[{"href":"https:\/\/francoisminery.com\/fr\/wp-json\/wp\/v2\/media?parent=2"}],"curies":[{"name":"wp","href":"https:\/\/api.w.org\/{rel}","templated":true}]}}